{"id":375998,"date":"2020-03-16T14:32:35","date_gmt":"2020-03-16T14:32:35","guid":{"rendered":"https:\/\/adam.introsys.eu\/projecto-cofinaciado\/"},"modified":"2023-07-31T08:57:40","modified_gmt":"2023-07-31T08:57:40","slug":"projecto-cofinaciado","status":"publish","type":"page","link":"https:\/\/adam.introsys.eu\/en\/projecto-cofinaciado\/","title":{"rendered":"Projecto cofinanciado"},"content":{"rendered":"<p>[et_pb_section fb_built=&#8221;1&#8243; _builder_version=&#8221;4.16&#8243; global_colors_info=&#8221;{}&#8221;][et_pb_row _builder_version=&#8221;4.16&#8243; custom_padding=&#8221;||10px|||&#8221; global_colors_info=&#8221;{}&#8221;][et_pb_column type=&#8221;4_4&#8243; _builder_version=&#8221;4.16&#8243; global_colors_info=&#8221;{}&#8221;][et_pb_text _builder_version=&#8221;4.18.0&#8243; _module_preset=&#8221;default&#8221; global_colors_info=&#8221;{}&#8221;]<\/p>\n<div class=\"page\" title=\"Page 4\">\n<div class=\"layoutArea\">\n<div class=\"column\">\n<p><strong>Cofunded by UE <\/strong><\/p>\n<\/div>\n<\/div>\n<\/div>\n<p>[\/et_pb_text][et_pb_image src=&#8221;https:\/\/adam.introsys.eu\/wp-content\/uploads\/2023\/07\/Captura-de-ecra\u0303-2023-07-13-a\u0300s-12.21.55-1.png&#8221; title_text=&#8221;Captura de ecra\u0303 2023-07-13, a\u0300s 12.21.55&#8243; _builder_version=&#8221;4.18.0&#8243; global_colors_info=&#8221;{}&#8221;][\/et_pb_image][\/et_pb_column][\/et_pb_row][et_pb_row _builder_version=&#8221;4.16&#8243; global_colors_info=&#8221;{}&#8221;][et_pb_column type=&#8221;4_4&#8243; _builder_version=&#8221;4.16&#8243; global_colors_info=&#8221;{}&#8221;][et_pb_text _builder_version=&#8221;4.18.0&#8243; hover_enabled=&#8221;0&#8243; global_colors_info=&#8221;{}&#8221; sticky_enabled=&#8221;0&#8243;]<\/p>\n<p><strong>Project designation |<\/strong> AdAM \u2013 Advanced Automation for Manufacturing<\/p>\n<p><strong>Project code|<\/strong> LISBOA-01-0247-FEDER-045117 | POCI-01-0247-FEDER-045117<\/p>\n<p><strong>Main Purpose|<\/strong> Create a support structure for the introduction and integration of flexible technology in production lines, focusing on the reuse of processes and machines, reconfiguration and optimization of parameters, digitalization and virtual representation of industrial automation equipment, and &#8220;zero- defect&#8221; quality of manufactured products.<\/p>\n<p><strong>Intervention Region |<\/strong> North, Centre and Lisbon<\/p>\n<p><strong>Beneficiary |<\/strong> INTROSYS &#8211; INTEGRATION FOR ROBOTIC SYSTEMS, S.A., UNIVERSIDADE NOVA DE LISBOA, VOLKSWAGEN AUTOEUROPA, LDA, CEIIA \u2013 CENTRO PARA EXCEL\u00caNCIA E INOVA\u00c7\u00c3O NA IND\u00daSTRIA AUTOM\u00d3VEL<\/p>\n<p><strong>Approval date |<\/strong> 30.10.2019<\/p>\n<p><strong>Start date |<\/strong> 01.10.2019<\/p>\n<p><strong>Conclusion date |<\/strong> 30.09.2022<\/p>\n<p><strong>Total eligible cost |<\/strong> 1.621.229,59 \u20ac<\/p>\n<p><strong>Financial support from the European Union |<\/strong> FEDER &#8211; 744.638,21 Euros<\/p>\n<p>[\/et_pb_text][\/et_pb_column][\/et_pb_row][\/et_pb_section]<\/p>\n","protected":false},"excerpt":{"rendered":"<p>Cofunded by UE Project designation | AdAM \u2013 Advanced Automation for Manufacturing Project code| LISBOA-01-0247-FEDER-045117 | POCI-01-0247-FEDER-045117 Main Purpose| Create a support structure for the introduction and integration of flexible technology in production lines, focusing on the reuse of processes and machines, reconfiguration and optimization of parameters, digitalization and virtual representation of industrial automation equipment, [&hellip;]<\/p>\n","protected":false},"author":1,"featured_media":0,"parent":0,"menu_order":0,"comment_status":"closed","ping_status":"closed","template":"","meta":{"_et_pb_use_builder":"on","_et_pb_old_content":"","_et_gb_content_width":"","footnotes":""},"class_list":["post-375998","page","type-page","status-publish","hentry"],"yoast_head":"<!-- This site is optimized with the Yoast SEO plugin v27.0 - https:\/\/yoast.com\/product\/yoast-seo-wordpress\/ -->\n<title>Projecto cofinanciado - Adam<\/title>\n<meta name=\"robots\" content=\"index, follow, max-snippet:-1, max-image-preview:large, max-video-preview:-1\" \/>\n<link rel=\"canonical\" href=\"https:\/\/adam.introsys.eu\/en\/projecto-cofinaciado\/\" \/>\n<meta property=\"og:locale\" content=\"en_US\" \/>\n<meta property=\"og:type\" content=\"article\" \/>\n<meta property=\"og:title\" content=\"Projecto cofinanciado - Adam\" \/>\n<meta property=\"og:description\" content=\"Cofunded by UE Project designation | AdAM \u2013 Advanced Automation for Manufacturing Project code| LISBOA-01-0247-FEDER-045117 | POCI-01-0247-FEDER-045117 Main Purpose| Create a support structure for the introduction and integration of flexible technology in production lines, focusing on the reuse of processes and machines, reconfiguration and optimization of parameters, digitalization and virtual representation of industrial automation equipment, [&hellip;]\" \/>\n<meta property=\"og:url\" content=\"https:\/\/adam.introsys.eu\/en\/projecto-cofinaciado\/\" \/>\n<meta property=\"og:site_name\" content=\"Adam\" \/>\n<meta property=\"article:modified_time\" content=\"2023-07-31T08:57:40+00:00\" \/>\n<meta name=\"twitter:card\" content=\"summary_large_image\" \/>\n<meta name=\"twitter:label1\" content=\"Est. reading time\" \/>\n\t<meta name=\"twitter:data1\" content=\"2 minutes\" \/>\n<script type=\"application\/ld+json\" class=\"yoast-schema-graph\">{\"@context\":\"https:\/\/schema.org\",\"@graph\":[{\"@type\":\"WebPage\",\"@id\":\"https:\/\/adam.introsys.eu\/en\/projecto-cofinaciado\/\",\"url\":\"https:\/\/adam.introsys.eu\/en\/projecto-cofinaciado\/\",\"name\":\"Projecto cofinanciado - Adam\",\"isPartOf\":{\"@id\":\"https:\/\/adam.introsys.eu\/#website\"},\"datePublished\":\"2020-03-16T14:32:35+00:00\",\"dateModified\":\"2023-07-31T08:57:40+00:00\",\"breadcrumb\":{\"@id\":\"https:\/\/adam.introsys.eu\/en\/projecto-cofinaciado\/#breadcrumb\"},\"inLanguage\":\"en-US\",\"potentialAction\":[{\"@type\":\"ReadAction\",\"target\":[\"https:\/\/adam.introsys.eu\/en\/projecto-cofinaciado\/\"]}]},{\"@type\":\"BreadcrumbList\",\"@id\":\"https:\/\/adam.introsys.eu\/en\/projecto-cofinaciado\/#breadcrumb\",\"itemListElement\":[{\"@type\":\"ListItem\",\"position\":1,\"name\":\"In\u00edcio\",\"item\":\"https:\/\/adam.introsys.eu\/\"},{\"@type\":\"ListItem\",\"position\":2,\"name\":\"Projecto cofinanciado\"}]},{\"@type\":\"WebSite\",\"@id\":\"https:\/\/adam.introsys.eu\/#website\",\"url\":\"https:\/\/adam.introsys.eu\/\",\"name\":\"Adam\",\"description\":\"Advanced Automation for Manufacturing\",\"potentialAction\":[{\"@type\":\"SearchAction\",\"target\":{\"@type\":\"EntryPoint\",\"urlTemplate\":\"https:\/\/adam.introsys.eu\/?s={search_term_string}\"},\"query-input\":{\"@type\":\"PropertyValueSpecification\",\"valueRequired\":true,\"valueName\":\"search_term_string\"}}],\"inLanguage\":\"en-US\"}]}<\/script>\n<!-- \/ Yoast SEO plugin. -->","yoast_head_json":{"title":"Projecto cofinanciado - Adam","robots":{"index":"index","follow":"follow","max-snippet":"max-snippet:-1","max-image-preview":"max-image-preview:large","max-video-preview":"max-video-preview:-1"},"canonical":"https:\/\/adam.introsys.eu\/en\/projecto-cofinaciado\/","og_locale":"en_US","og_type":"article","og_title":"Projecto cofinanciado - Adam","og_description":"Cofunded by UE Project designation | AdAM \u2013 Advanced Automation for Manufacturing Project code| LISBOA-01-0247-FEDER-045117 | POCI-01-0247-FEDER-045117 Main Purpose| Create a support structure for the introduction and integration of flexible technology in production lines, focusing on the reuse of processes and machines, reconfiguration and optimization of parameters, digitalization and virtual representation of industrial automation equipment, [&hellip;]","og_url":"https:\/\/adam.introsys.eu\/en\/projecto-cofinaciado\/","og_site_name":"Adam","article_modified_time":"2023-07-31T08:57:40+00:00","twitter_card":"summary_large_image","twitter_misc":{"Est. reading time":"2 minutes"},"schema":{"@context":"https:\/\/schema.org","@graph":[{"@type":"WebPage","@id":"https:\/\/adam.introsys.eu\/en\/projecto-cofinaciado\/","url":"https:\/\/adam.introsys.eu\/en\/projecto-cofinaciado\/","name":"Projecto cofinanciado - Adam","isPartOf":{"@id":"https:\/\/adam.introsys.eu\/#website"},"datePublished":"2020-03-16T14:32:35+00:00","dateModified":"2023-07-31T08:57:40+00:00","breadcrumb":{"@id":"https:\/\/adam.introsys.eu\/en\/projecto-cofinaciado\/#breadcrumb"},"inLanguage":"en-US","potentialAction":[{"@type":"ReadAction","target":["https:\/\/adam.introsys.eu\/en\/projecto-cofinaciado\/"]}]},{"@type":"BreadcrumbList","@id":"https:\/\/adam.introsys.eu\/en\/projecto-cofinaciado\/#breadcrumb","itemListElement":[{"@type":"ListItem","position":1,"name":"In\u00edcio","item":"https:\/\/adam.introsys.eu\/"},{"@type":"ListItem","position":2,"name":"Projecto cofinanciado"}]},{"@type":"WebSite","@id":"https:\/\/adam.introsys.eu\/#website","url":"https:\/\/adam.introsys.eu\/","name":"Adam","description":"Advanced Automation for Manufacturing","potentialAction":[{"@type":"SearchAction","target":{"@type":"EntryPoint","urlTemplate":"https:\/\/adam.introsys.eu\/?s={search_term_string}"},"query-input":{"@type":"PropertyValueSpecification","valueRequired":true,"valueName":"search_term_string"}}],"inLanguage":"en-US"}]}},"_links":{"self":[{"href":"https:\/\/adam.introsys.eu\/en\/wp-json\/wp\/v2\/pages\/375998","targetHints":{"allow":["GET"]}}],"collection":[{"href":"https:\/\/adam.introsys.eu\/en\/wp-json\/wp\/v2\/pages"}],"about":[{"href":"https:\/\/adam.introsys.eu\/en\/wp-json\/wp\/v2\/types\/page"}],"author":[{"embeddable":true,"href":"https:\/\/adam.introsys.eu\/en\/wp-json\/wp\/v2\/users\/1"}],"replies":[{"embeddable":true,"href":"https:\/\/adam.introsys.eu\/en\/wp-json\/wp\/v2\/comments?post=375998"}],"version-history":[{"count":5,"href":"https:\/\/adam.introsys.eu\/en\/wp-json\/wp\/v2\/pages\/375998\/revisions"}],"predecessor-version":[{"id":376060,"href":"https:\/\/adam.introsys.eu\/en\/wp-json\/wp\/v2\/pages\/375998\/revisions\/376060"}],"wp:attachment":[{"href":"https:\/\/adam.introsys.eu\/en\/wp-json\/wp\/v2\/media?parent=375998"}],"curies":[{"name":"wp","href":"https:\/\/api.w.org\/{rel}","templated":true}]}}